{"id":599,"date":"2019-07-05T15:50:35","date_gmt":"2019-07-05T13:50:35","guid":{"rendered":"https:\/\/www.landhaus-steiner.at\/?page_id=599"},"modified":"2024-07-04T10:31:31","modified_gmt":"2024-07-04T08:31:31","slug":"imprint","status":"publish","type":"page","link":"https:\/\/www.landhaus-steiner.at\/en\/imprint\/","title":{"rendered":"Imprint"},"content":{"rendered":"<p>Internetadresse: www.landhaus-steiner.at<br \/>\nInhaber: Landhaus Steiner GmbH<br \/>\nAdresse: Untere Marktstra\u00dfe 3, 5541 Altenmarkt im Pongau<br \/>\nF\u00fcr den Inhalt: Landhaus Steiner GmbH<br \/>\nUID Nummer: ATU 61673629<br \/>\nFirmenbuchnummer: 261326d<br \/>\nD-U-N-S \u00ae Nummer: 30-124-3239<br \/>\nKammerzugeh\u00f6rigkeit: Wirtschaftskammer Salzburg<br \/>\nGerichtsstand: Landesgericht Salzburg<br \/>\nzust\u00e4ndige Aufsichtsbeh\u00f6rde: Gewerbebeh\u00f6rde<br \/>\nInformationspflicht lt. \u00a75 E-Comerce Gesetz<\/p>\n<h4>Applicable legal basis are<\/h4>\n<p><a href=\"http:\/\/www.hotelverband.at\/down\/AGBH_061115.pdf\" target=\"_blank\" rel=\"noopener noreferrer\">Buchungsbedingungen laut \u00d6sterreichischem Hotelreglement.<\/a><\/p>\n<h4>Copyrights<\/h4>\n<p>Mathias Fritzenwallner, Altenmarkt-Zauchensee Tourismus<\/p>\n<h4>Registrations<\/h4>\n<p>All items of information displayed on these pages reserve the right of amendment. All prices are given in euro. Price changes or errors in prices or package offer times are subject to change.<\/p>\n<h4>Disclaimer to links<\/h4>\n<p>Despite careful control of contents we cannot accept liability for the contents of external links. The operators of the linked pages are exclusively responsible for their Contents.<\/p>\n<h4>Copyright<\/h4>\n<p>The content of this website is copyright protected. The provision of contents and picture material from this website to other websites is permissible only with the express consent of the editorial department. All statements made on this website were made to the best of our knowledge and checked for their correctness. Nevertheless, errors of content and facts cannot be entirely excluded. The website operator accepts no guarantee or liability for the correctness, current accuracy or completeness of the information displayed. All statements are made without guarantee.<\/p>\n<h4>Data protection<\/h4>\n<p>Your personal data will of course be handled with confidentiality and not forwarded to third parties.<br \/>\nMandatory information according to the Regulation (EU) No 524\/2013 of the European Parliament and of the Council:\u2028Follow this link to the website of the European Commission\u2019s entity for online dispute resolution for consumer disputes: http:\/\/ec.europa.eu\/consumers\/odr\/ \u2013 further information is available if you follow the link. Should you have any initial questions concerning a potential dispute resolution, please email us at <a href=\"mailto:info@landhaus-steiner.at\">info@landhaus-steiner.at<\/a><\/p>\n<h4><strong>Konzeption<\/strong><\/h4>\n<p>KAHR HOTELMARKETING<br \/>\nPartner der HOTELMARKETING GRUPPE<br \/>\nWe develope hotel personalities<br \/>\nBadgasse 231\/10<br \/>\n8970 Schladming<br \/>\n\u00d6sterreich<br \/>\n<a href=\"http:\/\/www.hotelmarketing.at\" target=\"_blank\" rel=\"noopener noreferrer\">www.hotelmarketing.at<\/a><br \/>\n<a href=\"mailto:kahr@hotelmarketing.at\">kahr@hotelmarketing.at<\/a><\/p>\n<p>The HOTELMARKETING Group is a network of marketing agencies in Germany, Austria and Switzerland which have specialized in hotel marketing. All locations offer a full service in marketing for hotels: from the hotel concept, logo, photographs, hotel brochure and hotel advertising, via website, newsletter, Apps for hotels, PR for hotels through to search machine marketing for hotels (SEO, SEM), hotel business and cooperations.<\/p>\n<p>&nbsp;<\/p>\n","protected":false},"excerpt":{"rendered":"<p>Internetadresse: www.landhaus-steiner.at Inhaber: Landhaus Steiner GmbH Adresse: Untere Marktstra\u00dfe 3, 5541 Altenmarkt im Pongau F\u00fcr den Inhalt: Landhaus Steiner GmbH UID Nummer: ATU 61673629 Firmenbuchnummer: 261326d D-U-N-S \u00ae Nummer: 30-124-3239 Kammerzugeh\u00f6rigkeit: Wirtschaftskammer Salzburg Gerichtsstand: Landesgericht Salzburg zust\u00e4ndige Aufsichtsbeh\u00f6rde: Gewerbebeh\u00f6rde Informationspflicht lt. \u00a75 E-Comerce Gesetz Applicable legal basis are Buchungsbedingungen laut \u00d6sterreichischem Hotelreglement. Copyrights Mathias Fritzenwallner, [&hellip;]<\/p>\n","protected":false},"author":1,"featured_media":0,"parent":0,"menu_order":0,"comment_status":"closed","ping_status":"closed","template":"page-templates\/impressum.php","meta":{"_acf_changed":false,"footnotes":""},"acf":[],"_links":{"self":[{"href":"https:\/\/www.landhaus-steiner.at\/en\/wp-json\/wp\/v2\/pages\/599"}],"collection":[{"href":"https:\/\/www.landhaus-steiner.at\/en\/wp-json\/wp\/v2\/pages"}],"about":[{"href":"https:\/\/www.landhaus-steiner.at\/en\/wp-json\/wp\/v2\/types\/page"}],"author":[{"embeddable":true,"href":"https:\/\/www.landhaus-steiner.at\/en\/wp-json\/wp\/v2\/users\/1"}],"replies":[{"embeddable":true,"href":"https:\/\/www.landhaus-steiner.at\/en\/wp-json\/wp\/v2\/comments?post=599"}],"version-history":[{"count":5,"href":"https:\/\/www.landhaus-steiner.at\/en\/wp-json\/wp\/v2\/pages\/599\/revisions"}],"predecessor-version":[{"id":905,"href":"https:\/\/www.landhaus-steiner.at\/en\/wp-json\/wp\/v2\/pages\/599\/revisions\/905"}],"wp:attachment":[{"href":"https:\/\/www.landhaus-steiner.at\/en\/wp-json\/wp\/v2\/media?parent=599"}],"curies":[{"name":"wp","href":"https:\/\/api.w.org\/{rel}","templated":true}]}}